{"id":823,"date":"2023-10-18T10:54:23","date_gmt":"2023-10-18T08:54:23","guid":{"rendered":"http:\/\/217.199.187.57\/edsbynshotell.se\/?page_id=823"},"modified":"2023-11-09T16:27:36","modified_gmt":"2023-11-09T15:27:36","slug":"konferens-i-edsbyn","status":"publish","type":"page","link":"http:\/\/217.199.187.57\/edsbynshotell.se\/konferens-i-edsbyn\/","title":{"rendered":"Konferens i Edsbyn"},"content":{"rendered":"\t\t<div data-elementor-type=\"wp-page\" data-elementor-id=\"823\" class=\"elementor elementor-823\" data-elementor-post-type=\"page\">\n\t\t\t\t\t\t\t\t\t<section class=\"elementor-section elementor-top-section elementor-element elementor-element-2bd7ccef elementor-section-full_width elementor-section-height-default elementor-section-height-default\" data-id=\"2bd7ccef\" data-element_type=\"section\" data-settings=\"{&quot;background_background&quot;:&quot;classic&quot;}\">\n\t\t\t\t\t\t<div class=\"elementor-container elementor-column-gap-default\">\n\t\t\t\t\t<div class=\"elementor-column elementor-col-100 elementor-top-column elementor-element elementor-element-56f7bae4\" data-id=\"56f7bae4\" data-element_type=\"column\">\n\t\t\t<div class=\"elementor-widget-wrap elementor-element-populated\">\n\t\t\t\t\t\t\t\t<div class=\"elementor-element elementor-element-cf3538b elementor-widget elementor-widget-spacer\" data-id=\"cf3538b\" data-element_type=\"widget\" data-widget_type=\"spacer.default\">\n\t\t\t\t<div class=\"elementor-widget-container\">\n\t\t\t\t\t<div class=\"elementor-spacer\">\n\t\t\t<div class=\"elementor-spacer-inner\"><\/div>\n\t\t<\/div>\n\t\t\t\t<\/div>\n\t\t\t\t<\/div>\n\t\t\t\t<div class=\"elementor-element elementor-element-42f635da elementor-widget elementor-widget-spacer\" data-id=\"42f635da\" data-element_type=\"widget\" data-widget_type=\"spacer.default\">\n\t\t\t\t<div class=\"elementor-widget-container\">\n\t\t\t\t\t<div class=\"elementor-spacer\">\n\t\t\t<div class=\"elementor-spacer-inner\"><\/div>\n\t\t<\/div>\n\t\t\t\t<\/div>\n\t\t\t\t<\/div>\n\t\t\t\t\t<\/div>\n\t\t<\/div>\n\t\t\t\t\t\t\t<\/div>\n\t\t<\/section>\n\t\t\t\t<section class=\"elementor-section elementor-top-section elementor-element elementor-element-6e4f7421 elementor-section-boxed elementor-section-height-default elementor-section-height-default\" data-id=\"6e4f7421\" data-element_type=\"section\" data-settings=\"{&quot;background_background&quot;:&quot;classic&quot;}\">\n\t\t\t\t\t\t<div class=\"elementor-container elementor-column-gap-default\">\n\t\t\t\t\t<div class=\"elementor-column elementor-col-100 elementor-top-column elementor-element elementor-element-1d1dcdf\" data-id=\"1d1dcdf\" data-element_type=\"column\">\n\t\t\t<div class=\"elementor-widget-wrap elementor-element-populated\">\n\t\t\t\t\t\t\t\t<section class=\"elementor-section elementor-inner-section elementor-element elementor-element-5290a96d elementor-section-boxed elementor-section-height-default elementor-section-height-default\" data-id=\"5290a96d\" data-element_type=\"section\">\n\t\t\t\t\t\t<div class=\"elementor-container elementor-column-gap-default\">\n\t\t\t\t\t<div class=\"elementor-column elementor-col-100 elementor-inner-column elementor-element elementor-element-4abf2baa\" data-id=\"4abf2baa\" data-element_type=\"column\">\n\t\t\t<div class=\"elementor-widget-wrap elementor-element-populated\">\n\t\t\t\t\t\t\t\t<div class=\"elementor-element elementor-element-7d90a896 elementor-widget elementor-widget-heading\" data-id=\"7d90a896\" data-element_type=\"widget\" data-widget_type=\"heading.default\">\n\t\t\t\t<div class=\"elementor-widget-container\">\n\t\t\t<h1 class=\"elementor-heading-title elementor-size-default\">Konferera p\u00e5 Edsbyns Hotell<\/h1>\t\t<\/div>\n\t\t\t\t<\/div>\n\t\t\t\t<div class=\"elementor-element elementor-element-26435154 elementor-widget elementor-widget-text-editor\" data-id=\"26435154\" data-element_type=\"widget\" data-widget_type=\"text-editor.default\">\n\t\t\t\t<div class=\"elementor-widget-container\">\n\t\t\t\t\t\t\t<p>Du best\u00e4mmer vad du vill f\u00e5 ut av din konferens.\u00a0Givande dagar med probleml\u00f6sningar, sammanh\u00e5llning och utveckling? Eller ett klassiskt m\u00f6te med personalen.\u00a0Kanske avkoppling, god mat och fantastisk natur?<\/p><p>Du best\u00e4mmer om det \u00e4r ett standardpaket eller om ni vill ha ett skr\u00e4ddarsytt arrangemang. Du kan f\u00e5 allt fr\u00e5n sp\u00e4nnande naturupplevelser med kanotpaddling, sp\u00e4nnande slalom\u00e5kning, klassisk l\u00e4ngdskid\u00e5kning, h\u00e4st och vagn till en sp\u00e4nnande plats i skogen. Ber\u00e4tta f\u00f6r oss vad just du vill hur din konferens hos oss skall vara, s\u00e5 skall vi p\u00e5 Edsbyns hotell g\u00f6ra det vi kan f\u00f6r att det skall bli en oslagbar upplevelse.<\/p>\t\t\t\t\t\t<\/div>\n\t\t\t\t<\/div>\n\t\t\t\t\t<\/div>\n\t\t<\/div>\n\t\t\t\t\t\t\t<\/div>\n\t\t<\/section>\n\t\t\t\t<section class=\"elementor-section elementor-inner-section elementor-element elementor-element-1e67a121 elementor-section-full_width elementor-section-height-default elementor-section-height-default\" data-id=\"1e67a121\" data-element_type=\"section\">\n\t\t\t\t\t\t<div class=\"elementor-container elementor-column-gap-default\">\n\t\t\t\t\t<div class=\"elementor-column elementor-col-50 elementor-inner-column elementor-element elementor-element-1cae7486\" data-id=\"1cae7486\" data-element_type=\"column\">\n\t\t\t<div class=\"elementor-widget-wrap elementor-element-populated\">\n\t\t\t\t\t\t\t\t<div class=\"elementor-element elementor-element-4d91ea13 elementor-cta--valign-bottom elementor-bg-transform elementor-bg-transform-zoom-out elementor-cta--layout-image-left elementor-cta--skin-classic elementor-animated-content elementor-widget elementor-widget-call-to-action\" data-id=\"4d91ea13\" data-element_type=\"widget\" data-widget_type=\"call-to-action.default\">\n\t\t\t\t<div class=\"elementor-widget-container\">\n\t\t\t\t\t<a class=\"elementor-cta\" href=\"https:\/\/online.bookvisit.com\/our-extras\/list?channelId=d32a2b5a-0d0e-41bb-a3c9-ce3493d78229&#038;presentationType=List\" target=\"_blank\">\n\t\t\t\t\t<div class=\"elementor-cta__bg-wrapper\">\n\t\t\t\t<div class=\"elementor-cta__bg elementor-bg\" style=\"background-image: url(http:\/\/217.199.187.57\/edsbynshotell.se\/wp-content\/uploads\/2023\/10\/7fe2379d-0dcd-4be1-8d71-c9cd12908880.jpg);\" role=\"img\" aria-label=\"Julbordspaket p\u00e5 voxnahergg\u00e5rd\"><\/div>\n\t\t\t\t<div class=\"elementor-cta__bg-overlay\"><\/div>\n\t\t\t<\/div>\n\t\t\t\t\t\t\t<div class=\"elementor-cta__content\">\n\t\t\t\t\n\t\t\t\t\t\t\t\t\t<h3 class=\"elementor-cta__title elementor-cta__content-item elementor-content-item\">\n\t\t\t\t\t\tJulbordspaket\t\t\t\t\t<\/h3>\n\t\t\t\t\n\t\t\t\t\t\t\t\t\t<div class=\"elementor-cta__description elementor-cta__content-item elementor-content-item\">\n\t\t\t\t\t\tEtt julbordspaket d\u00e4r ni bes\u00f6ker tv\u00e5 av v\u00e5ra anl\u00e4ggningar, Voxna Herrg\u00e5rd och Edsbyns Hotell, h\u00e4r upplever man julen p\u00e5 riktigt! \t\t\t\t\t<\/div>\n\t\t\t\t\n\t\t\t\t\t\t\t\t\t<div class=\"elementor-cta__button-wrapper elementor-cta__content-item elementor-content-item \">\n\t\t\t\t\t<span class=\"elementor-cta__button elementor-button elementor-size-xs\">\n\t\t\t\t\t\tBOKA H\u00c4R\t\t\t\t\t<\/span>\n\t\t\t\t\t<\/div>\n\t\t\t\t\t\t\t<\/div>\n\t\t\t\t\t\t\t<div class=\"elementor-ribbon\">\n\t\t\t\t<div class=\"elementor-ribbon-inner\">Fr 1 495 SEK<\/div>\n\t\t\t<\/div>\n\t\t\t\t<\/a>\n\t\t\t\t<\/div>\n\t\t\t\t<\/div>\n\t\t\t\t\t<\/div>\n\t\t<\/div>\n\t\t\t\t<div class=\"elementor-column elementor-col-50 elementor-inner-column elementor-element elementor-element-4ac77552\" data-id=\"4ac77552\" data-element_type=\"column\">\n\t\t\t<div class=\"elementor-widget-wrap\">\n\t\t\t\t\t\t\t\t\t<\/div>\n\t\t<\/div>\n\t\t\t\t\t\t\t<\/div>\n\t\t<\/section>\n\t\t\t\t\t<\/div>\n\t\t<\/div>\n\t\t\t\t\t\t\t<\/div>\n\t\t<\/section>\n\t\t\t\t<section class=\"elementor-section elementor-top-section elementor-element elementor-element-580a9d80 elementor-section-boxed elementor-section-height-default elementor-section-height-default\" data-id=\"580a9d80\" data-element_type=\"section\" data-settings=\"{&quot;background_background&quot;:&quot;classic&quot;}\">\n\t\t\t\t\t\t<div class=\"elementor-container elementor-column-gap-default\">\n\t\t\t\t\t<div class=\"elementor-column elementor-col-100 elementor-top-column elementor-element elementor-element-7854370\" data-id=\"7854370\" data-element_type=\"column\" data-settings=\"{&quot;background_background&quot;:&quot;classic&quot;}\">\n\t\t\t<div class=\"elementor-widget-wrap elementor-element-populated\">\n\t\t\t\t\t\t\t\t<div class=\"elementor-element elementor-element-1fb4cce9 elementor-widget elementor-widget-heading\" data-id=\"1fb4cce9\" data-element_type=\"widget\" data-widget_type=\"heading.default\">\n\t\t\t\t<div class=\"elementor-widget-container\">\n\t\t\t<h3 class=\"elementor-heading-title elementor-size-default\">Boka Edsbyns hotell<\/h3>\t\t<\/div>\n\t\t\t\t<\/div>\n\t\t\t\t<div class=\"elementor-element elementor-element-6c907611 elementor-widget elementor-widget-html\" data-id=\"6c907611\" data-element_type=\"widget\" data-widget_type=\"html.default\">\n\t\t\t\t<div class=\"elementor-widget-container\">\n\t\t\t<script type=\"text\/javascript\" charset=\"UTF-8\">\r\nvar baseUrl = \"https:\/\/online.bookvisit.com\/v2\/widget\/getwidget\";\r\n(function($) {\r\n$.ajax({\r\ndataType: 'json',\r\nurl: baseUrl + '?channelId=d32a2b5a-0d0e-41bb-a3c9-ce3493d78229&openOption=redirect&culture=sv-SE&layout=Standard1Column&containerId=widgetContainer&displayPromoCode=false&displayCorpCode=false&displayIATACode=false&displayCalendarStartsAtFirstAvailableDay=false&currency=SEK',\r\nxhrFields: { withCredentials: true },\r\nsuccess: function(data) {\r\n$('#widgetContainer').html(data.Widget);\r\n}\r\n});\r\n})(bvJQuery);\r\n<\/script>\r\n<div id=\"widgetContainer\"><\/div>\t\t<\/div>\n\t\t\t\t<\/div>\n\t\t\t\t\t<\/div>\n\t\t<\/div>\n\t\t\t\t\t\t\t<\/div>\n\t\t<\/section>\n\t\t\t\t\t\t\t<\/div>\n\t\t","protected":false},"excerpt":{"rendered":"<p>Konferera p\u00e5 Edsbyns Hotell Du best\u00e4mmer vad du vill f\u00e5 ut av din konferens.\u00a0Givande dagar med probleml\u00f6sningar, sammanh\u00e5llning och utveckling? Eller ett klassiskt m\u00f6te med personalen.\u00a0Kanske avkoppling, god mat och fantastisk natur? Du best\u00e4mmer om det \u00e4r ett standardpaket eller om ni vill ha ett skr\u00e4ddarsytt arrangemang. Du kan f\u00e5 allt fr\u00e5n sp\u00e4nnande naturupplevelser med [&hellip;]<\/p>\n","protected":false},"author":1,"featured_media":824,"parent":0,"menu_order":0,"comment_status":"closed","ping_status":"closed","template":"","meta":{"footnotes":""},"class_list":["post-823","page","type-page","status-publish","has-post-thumbnail","hentry"],"yoast_head":"<!-- This site is optimized with the Yoast SEO plugin v21.7 - https:\/\/yoast.com\/wordpress\/plugins\/seo\/ -->\n<title>Konferens i Edsbyn - Edsbyns Hotell<\/title>\n<meta name=\"robots\" content=\"index, follow, max-snippet:-1, max-image-preview:large, max-video-preview:-1\" \/>\n<link rel=\"canonical\" href=\"http:\/\/217.199.187.57\/edsbynshotell.se\/konferens-i-edsbyn\/\" \/>\n<meta property=\"og:locale\" content=\"sv_SE\" \/>\n<meta property=\"og:type\" content=\"article\" \/>\n<meta property=\"og:title\" content=\"Konferens i Edsbyn - Edsbyns Hotell\" \/>\n<meta property=\"og:description\" content=\"Konferera p\u00e5 Edsbyns Hotell Du best\u00e4mmer vad du vill f\u00e5 ut av din konferens.\u00a0Givande dagar med probleml\u00f6sningar, sammanh\u00e5llning och utveckling? Eller ett klassiskt m\u00f6te med personalen.\u00a0Kanske avkoppling, god mat och fantastisk natur? Du best\u00e4mmer om det \u00e4r ett standardpaket eller om ni vill ha ett skr\u00e4ddarsytt arrangemang. Du kan f\u00e5 allt fr\u00e5n sp\u00e4nnande naturupplevelser med [&hellip;]\" \/>\n<meta property=\"og:url\" content=\"http:\/\/217.199.187.57\/edsbynshotell.se\/konferens-i-edsbyn\/\" \/>\n<meta property=\"og:site_name\" content=\"Edsbyns Hotell\" \/>\n<meta property=\"article:modified_time\" content=\"2023-11-09T15:27:36+00:00\" \/>\n<meta property=\"og:image\" content=\"http:\/\/217.199.187.57\/edsbynshotell.se\/wp-content\/uploads\/2023\/10\/393141859_350780494282097_5904272421626945036_n.jpg\" \/>\n\t<meta property=\"og:image:width\" content=\"1366\" \/>\n\t<meta property=\"og:image:height\" content=\"2048\" \/>\n\t<meta property=\"og:image:type\" content=\"image\/jpeg\" \/>\n<meta name=\"twitter:card\" content=\"summary_large_image\" \/>\n<meta name=\"twitter:label1\" content=\"Ber\u00e4knad l\u00e4stid\" \/>\n\t<meta name=\"twitter:data1\" content=\"27 minuter\" \/>\n<script type=\"application\/ld+json\" class=\"yoast-schema-graph\">{\"@context\":\"https:\/\/schema.org\",\"@graph\":[{\"@type\":\"WebPage\",\"@id\":\"http:\/\/217.199.187.57\/edsbynshotell.se\/konferens-i-edsbyn\/\",\"url\":\"http:\/\/217.199.187.57\/edsbynshotell.se\/konferens-i-edsbyn\/\",\"name\":\"Konferens i Edsbyn - Edsbyns Hotell\",\"isPartOf\":{\"@id\":\"https:\/\/217.199.187.57\/edsbynshotell.se\/#website\"},\"datePublished\":\"2023-10-18T08:54:23+00:00\",\"dateModified\":\"2023-11-09T15:27:36+00:00\",\"breadcrumb\":{\"@id\":\"http:\/\/217.199.187.57\/edsbynshotell.se\/konferens-i-edsbyn\/#breadcrumb\"},\"inLanguage\":\"sv-SE\",\"potentialAction\":[{\"@type\":\"ReadAction\",\"target\":[\"http:\/\/217.199.187.57\/edsbynshotell.se\/konferens-i-edsbyn\/\"]}]},{\"@type\":\"BreadcrumbList\",\"@id\":\"http:\/\/217.199.187.57\/edsbynshotell.se\/konferens-i-edsbyn\/#breadcrumb\",\"itemListElement\":[{\"@type\":\"ListItem\",\"position\":1,\"name\":\"Hem\",\"item\":\"https:\/\/217.199.187.57\/edsbynshotell.se\/\"},{\"@type\":\"ListItem\",\"position\":2,\"name\":\"Konferens i Edsbyn\"}]},{\"@type\":\"WebSite\",\"@id\":\"https:\/\/217.199.187.57\/edsbynshotell.se\/#website\",\"url\":\"https:\/\/217.199.187.57\/edsbynshotell.se\/\",\"name\":\"Edsbyns Hotell\",\"description\":\"Bra boende centralt i Edsbyn\",\"potentialAction\":[{\"@type\":\"SearchAction\",\"target\":{\"@type\":\"EntryPoint\",\"urlTemplate\":\"https:\/\/217.199.187.57\/edsbynshotell.se\/?s={search_term_string}\"},\"query-input\":\"required name=search_term_string\"}],\"inLanguage\":\"sv-SE\"}]}<\/script>\n<!-- \/ Yoast SEO plugin. -->","yoast_head_json":{"title":"Konferens i Edsbyn - Edsbyns Hotell","robots":{"index":"index","follow":"follow","max-snippet":"max-snippet:-1","max-image-preview":"max-image-preview:large","max-video-preview":"max-video-preview:-1"},"canonical":"http:\/\/217.199.187.57\/edsbynshotell.se\/konferens-i-edsbyn\/","og_locale":"sv_SE","og_type":"article","og_title":"Konferens i Edsbyn - Edsbyns Hotell","og_description":"Konferera p\u00e5 Edsbyns Hotell Du best\u00e4mmer vad du vill f\u00e5 ut av din konferens.\u00a0Givande dagar med probleml\u00f6sningar, sammanh\u00e5llning och utveckling? Eller ett klassiskt m\u00f6te med personalen.\u00a0Kanske avkoppling, god mat och fantastisk natur? Du best\u00e4mmer om det \u00e4r ett standardpaket eller om ni vill ha ett skr\u00e4ddarsytt arrangemang. Du kan f\u00e5 allt fr\u00e5n sp\u00e4nnande naturupplevelser med [&hellip;]","og_url":"http:\/\/217.199.187.57\/edsbynshotell.se\/konferens-i-edsbyn\/","og_site_name":"Edsbyns Hotell","article_modified_time":"2023-11-09T15:27:36+00:00","og_image":[{"width":1366,"height":2048,"url":"http:\/\/217.199.187.57\/edsbynshotell.se\/wp-content\/uploads\/2023\/10\/393141859_350780494282097_5904272421626945036_n.jpg","type":"image\/jpeg"}],"twitter_card":"summary_large_image","twitter_misc":{"Ber\u00e4knad l\u00e4stid":"27 minuter"},"schema":{"@context":"https:\/\/schema.org","@graph":[{"@type":"WebPage","@id":"http:\/\/217.199.187.57\/edsbynshotell.se\/konferens-i-edsbyn\/","url":"http:\/\/217.199.187.57\/edsbynshotell.se\/konferens-i-edsbyn\/","name":"Konferens i Edsbyn - Edsbyns Hotell","isPartOf":{"@id":"https:\/\/217.199.187.57\/edsbynshotell.se\/#website"},"datePublished":"2023-10-18T08:54:23+00:00","dateModified":"2023-11-09T15:27:36+00:00","breadcrumb":{"@id":"http:\/\/217.199.187.57\/edsbynshotell.se\/konferens-i-edsbyn\/#breadcrumb"},"inLanguage":"sv-SE","potentialAction":[{"@type":"ReadAction","target":["http:\/\/217.199.187.57\/edsbynshotell.se\/konferens-i-edsbyn\/"]}]},{"@type":"BreadcrumbList","@id":"http:\/\/217.199.187.57\/edsbynshotell.se\/konferens-i-edsbyn\/#breadcrumb","itemListElement":[{"@type":"ListItem","position":1,"name":"Hem","item":"https:\/\/217.199.187.57\/edsbynshotell.se\/"},{"@type":"ListItem","position":2,"name":"Konferens i Edsbyn"}]},{"@type":"WebSite","@id":"https:\/\/217.199.187.57\/edsbynshotell.se\/#website","url":"https:\/\/217.199.187.57\/edsbynshotell.se\/","name":"Edsbyns Hotell","description":"Bra boende centralt i Edsbyn","potentialAction":[{"@type":"SearchAction","target":{"@type":"EntryPoint","urlTemplate":"https:\/\/217.199.187.57\/edsbynshotell.se\/?s={search_term_string}"},"query-input":"required name=search_term_string"}],"inLanguage":"sv-SE"}]}},"_links":{"self":[{"href":"http:\/\/217.199.187.57\/edsbynshotell.se\/wp-json\/wp\/v2\/pages\/823","targetHints":{"allow":["GET"]}}],"collection":[{"href":"http:\/\/217.199.187.57\/edsbynshotell.se\/wp-json\/wp\/v2\/pages"}],"about":[{"href":"http:\/\/217.199.187.57\/edsbynshotell.se\/wp-json\/wp\/v2\/types\/page"}],"author":[{"embeddable":true,"href":"http:\/\/217.199.187.57\/edsbynshotell.se\/wp-json\/wp\/v2\/users\/1"}],"replies":[{"embeddable":true,"href":"http:\/\/217.199.187.57\/edsbynshotell.se\/wp-json\/wp\/v2\/comments?post=823"}],"version-history":[{"count":7,"href":"http:\/\/217.199.187.57\/edsbynshotell.se\/wp-json\/wp\/v2\/pages\/823\/revisions"}],"predecessor-version":[{"id":1222,"href":"http:\/\/217.199.187.57\/edsbynshotell.se\/wp-json\/wp\/v2\/pages\/823\/revisions\/1222"}],"wp:featuredmedia":[{"embeddable":true,"href":"http:\/\/217.199.187.57\/edsbynshotell.se\/wp-json\/wp\/v2\/media\/824"}],"wp:attachment":[{"href":"http:\/\/217.199.187.57\/edsbynshotell.se\/wp-json\/wp\/v2\/media?parent=823"}],"curies":[{"name":"wp","href":"https:\/\/api.w.org\/{rel}","templated":true}]}}