{"id":806,"date":"2023-10-18T10:38:45","date_gmt":"2023-10-18T08:38:45","guid":{"rendered":"http:\/\/217.199.187.57\/edsbynshotell.se\/?page_id=806"},"modified":"2023-12-05T13:16:37","modified_gmt":"2023-12-05T12:16:37","slug":"restaurang-mitt-i-edsbyn","status":"publish","type":"page","link":"http:\/\/217.199.187.57\/edsbynshotell.se\/restaurang-mitt-i-edsbyn\/","title":{"rendered":"Restaurang mitt i Edsbyn"},"content":{"rendered":"\t\t<div data-elementor-type=\"wp-page\" data-elementor-id=\"806\" class=\"elementor elementor-806\" data-elementor-post-type=\"page\">\n\t\t\t\t\t\t\t\t\t<section class=\"elementor-section elementor-top-section elementor-element elementor-element-14d69fd7 elementor-section-full_width elementor-section-height-default elementor-section-height-default\" data-id=\"14d69fd7\" data-element_type=\"section\" data-settings=\"{&quot;background_background&quot;:&quot;classic&quot;}\">\n\t\t\t\t\t\t<div class=\"elementor-container elementor-column-gap-default\">\n\t\t\t\t\t<div class=\"elementor-column elementor-col-100 elementor-top-column elementor-element elementor-element-49101c36\" data-id=\"49101c36\" data-element_type=\"column\">\n\t\t\t<div class=\"elementor-widget-wrap elementor-element-populated\">\n\t\t\t\t\t\t\t\t<div class=\"elementor-element elementor-element-40b6abde elementor-widget elementor-widget-spacer\" data-id=\"40b6abde\" data-element_type=\"widget\" data-widget_type=\"spacer.default\">\n\t\t\t\t<div class=\"elementor-widget-container\">\n\t\t\t\t\t<div class=\"elementor-spacer\">\n\t\t\t<div class=\"elementor-spacer-inner\"><\/div>\n\t\t<\/div>\n\t\t\t\t<\/div>\n\t\t\t\t<\/div>\n\t\t\t\t<div class=\"elementor-element elementor-element-16a798f3 elementor-widget elementor-widget-spacer\" data-id=\"16a798f3\" data-element_type=\"widget\" data-widget_type=\"spacer.default\">\n\t\t\t\t<div class=\"elementor-widget-container\">\n\t\t\t\t\t<div class=\"elementor-spacer\">\n\t\t\t<div class=\"elementor-spacer-inner\"><\/div>\n\t\t<\/div>\n\t\t\t\t<\/div>\n\t\t\t\t<\/div>\n\t\t\t\t\t<\/div>\n\t\t<\/div>\n\t\t\t\t\t\t\t<\/div>\n\t\t<\/section>\n\t\t\t\t<section class=\"elementor-section elementor-top-section elementor-element elementor-element-5e58f918 elementor-section-boxed elementor-section-height-default elementor-section-height-default\" data-id=\"5e58f918\" data-element_type=\"section\" data-settings=\"{&quot;background_background&quot;:&quot;classic&quot;}\">\n\t\t\t\t\t\t<div class=\"elementor-container elementor-column-gap-default\">\n\t\t\t\t\t<div class=\"elementor-column elementor-col-100 elementor-top-column elementor-element elementor-element-25bdac7f\" data-id=\"25bdac7f\" data-element_type=\"column\">\n\t\t\t<div class=\"elementor-widget-wrap elementor-element-populated\">\n\t\t\t\t\t\t\t\t<section class=\"elementor-section elementor-inner-section elementor-element elementor-element-3f5b732e elementor-section-boxed elementor-section-height-default elementor-section-height-default\" data-id=\"3f5b732e\" data-element_type=\"section\">\n\t\t\t\t\t\t<div class=\"elementor-container elementor-column-gap-default\">\n\t\t\t\t\t<div class=\"elementor-column elementor-col-100 elementor-inner-column elementor-element elementor-element-67055315\" data-id=\"67055315\" data-element_type=\"column\">\n\t\t\t<div class=\"elementor-widget-wrap elementor-element-populated\">\n\t\t\t\t\t\t\t\t<div class=\"elementor-element elementor-element-6e31f79d elementor-widget elementor-widget-heading\" data-id=\"6e31f79d\" data-element_type=\"widget\" data-widget_type=\"heading.default\">\n\t\t\t\t<div class=\"elementor-widget-container\">\n\t\t\t<h1 class=\"elementor-heading-title elementor-size-default\">Restaurang mitt i Edsbyn<\/h1>\t\t<\/div>\n\t\t\t\t<\/div>\n\t\t\t\t\t<\/div>\n\t\t<\/div>\n\t\t\t\t\t\t\t<\/div>\n\t\t<\/section>\n\t\t\t\t<section class=\"elementor-section elementor-inner-section elementor-element elementor-element-59b92c8 elementor-section-full_width elementor-section-height-default elementor-section-height-default\" data-id=\"59b92c8\" data-element_type=\"section\">\n\t\t\t\t\t\t<div class=\"elementor-container elementor-column-gap-default\">\n\t\t\t\t\t<div class=\"elementor-column elementor-col-50 elementor-inner-column elementor-element elementor-element-a45e3be\" data-id=\"a45e3be\" data-element_type=\"column\">\n\t\t\t<div class=\"elementor-widget-wrap elementor-element-populated\">\n\t\t\t\t\t\t\t\t<div class=\"elementor-element elementor-element-07f0901 elementor-widget elementor-widget-text-editor\" data-id=\"07f0901\" data-element_type=\"widget\" data-widget_type=\"text-editor.default\">\n\t\t\t\t<div class=\"elementor-widget-container\">\n\t\t\t\t\t\t\t<h3>Mat &amp; Dryck<\/h3><p>I hotellets restaurang serveras det b\u00e4sta. V\u00e4llagade r\u00e4tter som tillagas av hotellets h\u00e4ngivna kockar som utlovar en smakupplevelse.<\/p><p>Det familj\u00e4ra hotellet har genuint inredd restaurang som serverar f\u00f6rstklassig mat och dryck, &#8211; Mitt i H\u00e4lsingland.<br \/><br \/><\/p><h3>Frukost i Edsbyn<\/h3><p>Den fantastiska frukostbuff\u00e9n som serveras g\u00e4ster p\u00e5 Edsbyns hotell \u00e4r \u00e4ven \u00f6ppen f\u00f6r frukostg\u00e4ster utifr\u00e5n. M\u00e5nga bybor och \u00f6vriga g\u00e4ster har redan sett m\u00f6jligheten att b\u00f6rja dagen med en rej\u00e4l frukostbuff\u00e9.<\/p><p>Frukostbuff\u00e9n st\u00e5r framdukad alla dagar i veckan.<\/p><p>Vardagar kl . 06,30 \u2013 09.00<\/p><p>Helgdagar kl 08.00 \u2013 10.00<\/p><p>Pris: Vuxen 125:- ( barn 85:- upp till 12 \u00e5r), frukosten ing\u00e5r i v\u00e5ra rumspriser.<\/p>\t\t\t\t\t\t<\/div>\n\t\t\t\t<\/div>\n\t\t\t\t\t<\/div>\n\t\t<\/div>\n\t\t\t\t<div class=\"elementor-column elementor-col-50 elementor-inner-column elementor-element elementor-element-0a93544\" data-id=\"0a93544\" data-element_type=\"column\">\n\t\t\t<div class=\"elementor-widget-wrap elementor-element-populated\">\n\t\t\t\t\t\t\t\t<div class=\"elementor-element elementor-element-367a6e8 elementor-widget elementor-widget-text-editor\" data-id=\"367a6e8\" data-element_type=\"widget\" data-widget_type=\"text-editor.default\">\n\t\t\t\t<div class=\"elementor-widget-container\">\n\t\t\t\t\t\t\t<h3>Dagens lunch \u00a0vardagar kl. 11.00 \u2013 14-00<\/h3><p>Hotellets stora lunchbuff\u00e9 erbjuder en variation av v\u00e4llagad mat, fr\u00e4scha sallader, gott br\u00f6d och smaksatt vatten.<\/p><p>Pris 125:- ( pension\u00e4rer 110:-, barn upp till 12 \u00e5r 85:- )<br \/><br \/><\/p><h3>A la cart restaurang \u2013 \u00f6ppnar inom kort!<\/h3><p>Edsbyns Hotell \u00e4r en restaurang f\u00f6r alla, bra och naturliga r\u00e5varor g\u00f6r matr\u00e4tter vi \u00e4r stolta \u00f6ver att servera.<\/p><p>Restaurangen \u00e4r stor, luftig och mysig, vi har spakat en restaurang vi sj\u00e4lva skulle vilja bes\u00f6ka.<\/p><p>Ett st\u00e4lla f\u00f6r alla som tycker om att umg\u00e5s och njuta av f\u00f6rstklassig dryck och mat som \u00e4r tillagad utan kr\u00e5ngel.<\/p><p>Varmt v\u00e4lkomna!<\/p>\t\t\t\t\t\t<\/div>\n\t\t\t\t<\/div>\n\t\t\t\t\t<\/div>\n\t\t<\/div>\n\t\t\t\t\t\t\t<\/div>\n\t\t<\/section>\n\t\t\t\t<section class=\"elementor-section elementor-inner-section elementor-element elementor-element-76e83e86 elementor-section-full_width elementor-section-height-default elementor-section-height-default\" data-id=\"76e83e86\" data-element_type=\"section\">\n\t\t\t\t\t\t<div class=\"elementor-container elementor-column-gap-default\">\n\t\t\t\t\t<div class=\"elementor-column elementor-col-50 elementor-inner-column elementor-element elementor-element-56099b38\" data-id=\"56099b38\" data-element_type=\"column\">\n\t\t\t<div class=\"elementor-widget-wrap elementor-element-populated\">\n\t\t\t\t\t\t\t\t<div class=\"elementor-element elementor-element-efd5efe elementor-grid-1 elementor-grid-tablet-2 elementor-grid-mobile-1 elementor-posts--thumbnail-top elementor-card-shadow-yes elementor-posts__hover-gradient elementor-widget elementor-widget-posts\" data-id=\"efd5efe\" data-element_type=\"widget\" data-settings=\"{&quot;cards_columns&quot;:&quot;1&quot;,&quot;cards_columns_tablet&quot;:&quot;2&quot;,&quot;cards_columns_mobile&quot;:&quot;1&quot;,&quot;cards_row_gap&quot;:{&quot;unit&quot;:&quot;px&quot;,&quot;size&quot;:35,&quot;sizes&quot;:[]},&quot;cards_row_gap_tablet&quot;:{&quot;unit&quot;:&quot;px&quot;,&quot;size&quot;:&quot;&quot;,&quot;sizes&quot;:[]},&quot;cards_row_gap_mobile&quot;:{&quot;unit&quot;:&quot;px&quot;,&quot;size&quot;:&quot;&quot;,&quot;sizes&quot;:[]}}\" data-widget_type=\"posts.cards\">\n\t\t\t\t<div class=\"elementor-widget-container\">\n\t\t\t\t\t<div class=\"elementor-posts-container elementor-posts elementor-posts--skin-cards elementor-grid\">\n\t\t\t\t<article class=\"elementor-post elementor-grid-item post-1154 post type-post status-publish format-standard has-post-thumbnail hentry category-lunch\">\n\t\t\t<div class=\"elementor-post__card\">\n\t\t\t\t<a class=\"elementor-post__thumbnail__link\" href=\"http:\/\/217.199.187.57\/edsbynshotell.se\/veckans-lunch\/\" tabindex=\"-1\" ><div class=\"elementor-post__thumbnail\"><img fetchpriority=\"high\" decoding=\"async\" width=\"1240\" height=\"1753\" src=\"http:\/\/217.199.187.57\/edsbynshotell.se\/wp-content\/uploads\/2024\/01\/lunch.V.2.jpg\" class=\"attachment-full size-full wp-image-1278\" alt=\"\" srcset=\"http:\/\/217.199.187.57\/edsbynshotell.se\/wp-content\/uploads\/2024\/01\/lunch.V.2.jpg 1240w, http:\/\/217.199.187.57\/edsbynshotell.se\/wp-content\/uploads\/2024\/01\/lunch.V.2-212x300.jpg 212w, http:\/\/217.199.187.57\/edsbynshotell.se\/wp-content\/uploads\/2024\/01\/lunch.V.2-724x1024.jpg 724w, http:\/\/217.199.187.57\/edsbynshotell.se\/wp-content\/uploads\/2024\/01\/lunch.V.2-768x1086.jpg 768w, http:\/\/217.199.187.57\/edsbynshotell.se\/wp-content\/uploads\/2024\/01\/lunch.V.2-1087x1536.jpg 1087w\" sizes=\"(max-width: 1240px) 100vw, 1240px\" \/><\/div><\/a>\n\t\t\t\t<div class=\"elementor-post__badge\">Veckans Lunch<\/div>\n\t\t\t\t<div class=\"elementor-post__text\">\n\t\t\t\t<h3 class=\"elementor-post__title\">\n\t\t\t<a href=\"http:\/\/217.199.187.57\/edsbynshotell.se\/veckans-lunch\/\" >\n\t\t\t\tVeckans Lunch\t\t\t<\/a>\n\t\t<\/h3>\n\t\t\n\t\t<a class=\"elementor-post__read-more\" href=\"http:\/\/217.199.187.57\/edsbynshotell.se\/veckans-lunch\/\" aria-label=\"L\u00e4s mer om Veckans Lunch\" tabindex=\"-1\" >\n\t\t\tSkriv ut \u00bb\t\t<\/a>\n\n\t\t\t\t<\/div>\n\t\t\t\t<div class=\"elementor-post__meta-data\">\n\t\t\t\t\t<span class=\"elementor-post-date\">\n\t\t\t2023-11-09\t\t<\/span>\n\t\t\t\t<\/div>\n\t\t\t\t\t<\/div>\n\t\t<\/article>\n\t\t\t\t<\/div>\n\t\t\n\t\t\t\t<\/div>\n\t\t\t\t<\/div>\n\t\t\t\t\t<\/div>\n\t\t<\/div>\n\t\t\t\t<div class=\"elementor-column elementor-col-50 elementor-inner-column elementor-element elementor-element-62800137\" data-id=\"62800137\" data-element_type=\"column\">\n\t\t\t<div class=\"elementor-widget-wrap elementor-element-populated\">\n\t\t\t\t\t\t\t\t<div class=\"elementor-element elementor-element-1e13a197 elementor-cta--valign-bottom elementor-bg-transform elementor-bg-transform-zoom-out elementor-cta--layout-image-left elementor-cta--skin-classic elementor-animated-content elementor-widget elementor-widget-call-to-action\" data-id=\"1e13a197\" data-element_type=\"widget\" data-widget_type=\"call-to-action.default\">\n\t\t\t\t<div class=\"elementor-widget-container\">\n\t\t\t\t\t<a class=\"elementor-cta\" href=\"https:\/\/online.bookvisit.com\/package\/list?channelId=d32a2b5a-0d0e-41bb-a3c9-ce3493d78229\" target=\"_blank\">\n\t\t\t\t\t<div class=\"elementor-cta__bg-wrapper\">\n\t\t\t\t<div class=\"elementor-cta__bg elementor-bg\" style=\"background-image: url(http:\/\/217.199.187.57\/edsbynshotell.se\/wp-content\/uploads\/2023\/10\/7fe2379d-0dcd-4be1-8d71-c9cd12908880.jpg);\" role=\"img\" aria-label=\"Julbordspaket p\u00e5 voxnahergg\u00e5rd\"><\/div>\n\t\t\t\t<div class=\"elementor-cta__bg-overlay\"><\/div>\n\t\t\t<\/div>\n\t\t\t\t\t\t\t<div class=\"elementor-cta__content\">\n\t\t\t\t\n\t\t\t\t\t\t\t\t\t<h3 class=\"elementor-cta__title elementor-cta__content-item elementor-content-item\">\n\t\t\t\t\t\tJulbordspaket\t\t\t\t\t<\/h3>\n\t\t\t\t\n\t\t\t\t\t\t\t\t\t<div class=\"elementor-cta__description elementor-cta__content-item elementor-content-item\">\n\t\t\t\t\t\tEtt julbordspaket d\u00e4r ni bes\u00f6ker tv\u00e5 av v\u00e5ra anl\u00e4ggningar, Voxna Herrg\u00e5rd och Edsbyns Hotell, h\u00e4r upplever man julen p\u00e5 riktigt! \t\t\t\t\t<\/div>\n\t\t\t\t\n\t\t\t\t\t\t\t\t\t<div class=\"elementor-cta__button-wrapper elementor-cta__content-item elementor-content-item \">\n\t\t\t\t\t<span class=\"elementor-cta__button elementor-button elementor-size-xs\">\n\t\t\t\t\t\tBOKA H\u00c4R\t\t\t\t\t<\/span>\n\t\t\t\t\t<\/div>\n\t\t\t\t\t\t\t<\/div>\n\t\t\t\t\t\t\t<div class=\"elementor-ribbon\">\n\t\t\t\t<div class=\"elementor-ribbon-inner\">Fr 1 495 SEK<\/div>\n\t\t\t<\/div>\n\t\t\t\t<\/a>\n\t\t\t\t<\/div>\n\t\t\t\t<\/div>\n\t\t\t\t\t<\/div>\n\t\t<\/div>\n\t\t\t\t\t\t\t<\/div>\n\t\t<\/section>\n\t\t\t\t\t<\/div>\n\t\t<\/div>\n\t\t\t\t\t\t\t<\/div>\n\t\t<\/section>\n\t\t\t\t<section class=\"elementor-section elementor-top-section elementor-element elementor-element-267d21f elementor-section-boxed elementor-section-height-default elementor-section-height-default\" data-id=\"267d21f\" data-element_type=\"section\">\n\t\t\t\t\t\t<div class=\"elementor-container elementor-column-gap-default\">\n\t\t\t\t\t<div class=\"elementor-column elementor-col-100 elementor-top-column elementor-element elementor-element-e4ed0b4\" data-id=\"e4ed0b4\" data-element_type=\"column\">\n\t\t\t<div class=\"elementor-widget-wrap\">\n\t\t\t\t\t\t\t\t\t<\/div>\n\t\t<\/div>\n\t\t\t\t\t\t\t<\/div>\n\t\t<\/section>\n\t\t\t\t\t\t\t<\/div>\n\t\t","protected":false},"excerpt":{"rendered":"<p>Restaurang mitt i Edsbyn Mat &amp; Dryck I hotellets restaurang serveras det b\u00e4sta. V\u00e4llagade r\u00e4tter som tillagas av hotellets h\u00e4ngivna kockar som utlovar en smakupplevelse.<\/p>\n","protected":false},"author":1,"featured_media":0,"parent":0,"menu_order":0,"comment_status":"closed","ping_status":"closed","template":"","meta":{"footnotes":""},"class_list":["post-806","page","type-page","status-publish","hentry"],"yoast_head":"<!-- This site is optimized with the Yoast SEO plugin v21.7 - https:\/\/yoast.com\/wordpress\/plugins\/seo\/ -->\n<title>Restaurang mitt i Edsbyn - Edsbyns Hotell<\/title>\n<meta name=\"robots\" content=\"index, follow, max-snippet:-1, max-image-preview:large, max-video-preview:-1\" \/>\n<link rel=\"canonical\" href=\"http:\/\/217.199.187.57\/edsbynshotell.se\/restaurang-mitt-i-edsbyn\/\" \/>\n<meta property=\"og:locale\" content=\"sv_SE\" \/>\n<meta property=\"og:type\" content=\"article\" \/>\n<meta property=\"og:title\" content=\"Restaurang mitt i Edsbyn - Edsbyns Hotell\" \/>\n<meta property=\"og:description\" content=\"Restaurang mitt i Edsbyn Mat &amp; Dryck I hotellets restaurang serveras det b\u00e4sta. V\u00e4llagade r\u00e4tter som tillagas av hotellets h\u00e4ngivna kockar som utlovar en smakupplevelse.\" \/>\n<meta property=\"og:url\" content=\"http:\/\/217.199.187.57\/edsbynshotell.se\/restaurang-mitt-i-edsbyn\/\" \/>\n<meta property=\"og:site_name\" content=\"Edsbyns Hotell\" \/>\n<meta property=\"article:modified_time\" content=\"2023-12-05T12:16:37+00:00\" \/>\n<meta name=\"twitter:card\" content=\"summary_large_image\" \/>\n<meta name=\"twitter:label1\" content=\"Ber\u00e4knad l\u00e4stid\" \/>\n\t<meta name=\"twitter:data1\" content=\"2 minuter\" \/>\n<script type=\"application\/ld+json\" class=\"yoast-schema-graph\">{\"@context\":\"https:\/\/schema.org\",\"@graph\":[{\"@type\":\"WebPage\",\"@id\":\"http:\/\/217.199.187.57\/edsbynshotell.se\/restaurang-mitt-i-edsbyn\/\",\"url\":\"http:\/\/217.199.187.57\/edsbynshotell.se\/restaurang-mitt-i-edsbyn\/\",\"name\":\"Restaurang mitt i Edsbyn - Edsbyns Hotell\",\"isPartOf\":{\"@id\":\"https:\/\/217.199.187.57\/edsbynshotell.se\/#website\"},\"datePublished\":\"2023-10-18T08:38:45+00:00\",\"dateModified\":\"2023-12-05T12:16:37+00:00\",\"breadcrumb\":{\"@id\":\"http:\/\/217.199.187.57\/edsbynshotell.se\/restaurang-mitt-i-edsbyn\/#breadcrumb\"},\"inLanguage\":\"sv-SE\",\"potentialAction\":[{\"@type\":\"ReadAction\",\"target\":[\"http:\/\/217.199.187.57\/edsbynshotell.se\/restaurang-mitt-i-edsbyn\/\"]}]},{\"@type\":\"BreadcrumbList\",\"@id\":\"http:\/\/217.199.187.57\/edsbynshotell.se\/restaurang-mitt-i-edsbyn\/#breadcrumb\",\"itemListElement\":[{\"@type\":\"ListItem\",\"position\":1,\"name\":\"Hem\",\"item\":\"https:\/\/217.199.187.57\/edsbynshotell.se\/\"},{\"@type\":\"ListItem\",\"position\":2,\"name\":\"Restaurang mitt i Edsbyn\"}]},{\"@type\":\"WebSite\",\"@id\":\"https:\/\/217.199.187.57\/edsbynshotell.se\/#website\",\"url\":\"https:\/\/217.199.187.57\/edsbynshotell.se\/\",\"name\":\"Edsbyns Hotell\",\"description\":\"Bra boende centralt i Edsbyn\",\"potentialAction\":[{\"@type\":\"SearchAction\",\"target\":{\"@type\":\"EntryPoint\",\"urlTemplate\":\"https:\/\/217.199.187.57\/edsbynshotell.se\/?s={search_term_string}\"},\"query-input\":\"required name=search_term_string\"}],\"inLanguage\":\"sv-SE\"}]}<\/script>\n<!-- \/ Yoast SEO plugin. -->","yoast_head_json":{"title":"Restaurang mitt i Edsbyn - Edsbyns Hotell","robots":{"index":"index","follow":"follow","max-snippet":"max-snippet:-1","max-image-preview":"max-image-preview:large","max-video-preview":"max-video-preview:-1"},"canonical":"http:\/\/217.199.187.57\/edsbynshotell.se\/restaurang-mitt-i-edsbyn\/","og_locale":"sv_SE","og_type":"article","og_title":"Restaurang mitt i Edsbyn - Edsbyns Hotell","og_description":"Restaurang mitt i Edsbyn Mat &amp; Dryck I hotellets restaurang serveras det b\u00e4sta. V\u00e4llagade r\u00e4tter som tillagas av hotellets h\u00e4ngivna kockar som utlovar en smakupplevelse.","og_url":"http:\/\/217.199.187.57\/edsbynshotell.se\/restaurang-mitt-i-edsbyn\/","og_site_name":"Edsbyns Hotell","article_modified_time":"2023-12-05T12:16:37+00:00","twitter_card":"summary_large_image","twitter_misc":{"Ber\u00e4knad l\u00e4stid":"2 minuter"},"schema":{"@context":"https:\/\/schema.org","@graph":[{"@type":"WebPage","@id":"http:\/\/217.199.187.57\/edsbynshotell.se\/restaurang-mitt-i-edsbyn\/","url":"http:\/\/217.199.187.57\/edsbynshotell.se\/restaurang-mitt-i-edsbyn\/","name":"Restaurang mitt i Edsbyn - Edsbyns Hotell","isPartOf":{"@id":"https:\/\/217.199.187.57\/edsbynshotell.se\/#website"},"datePublished":"2023-10-18T08:38:45+00:00","dateModified":"2023-12-05T12:16:37+00:00","breadcrumb":{"@id":"http:\/\/217.199.187.57\/edsbynshotell.se\/restaurang-mitt-i-edsbyn\/#breadcrumb"},"inLanguage":"sv-SE","potentialAction":[{"@type":"ReadAction","target":["http:\/\/217.199.187.57\/edsbynshotell.se\/restaurang-mitt-i-edsbyn\/"]}]},{"@type":"BreadcrumbList","@id":"http:\/\/217.199.187.57\/edsbynshotell.se\/restaurang-mitt-i-edsbyn\/#breadcrumb","itemListElement":[{"@type":"ListItem","position":1,"name":"Hem","item":"https:\/\/217.199.187.57\/edsbynshotell.se\/"},{"@type":"ListItem","position":2,"name":"Restaurang mitt i Edsbyn"}]},{"@type":"WebSite","@id":"https:\/\/217.199.187.57\/edsbynshotell.se\/#website","url":"https:\/\/217.199.187.57\/edsbynshotell.se\/","name":"Edsbyns Hotell","description":"Bra boende centralt i Edsbyn","potentialAction":[{"@type":"SearchAction","target":{"@type":"EntryPoint","urlTemplate":"https:\/\/217.199.187.57\/edsbynshotell.se\/?s={search_term_string}"},"query-input":"required name=search_term_string"}],"inLanguage":"sv-SE"}]}},"_links":{"self":[{"href":"http:\/\/217.199.187.57\/edsbynshotell.se\/wp-json\/wp\/v2\/pages\/806","targetHints":{"allow":["GET"]}}],"collection":[{"href":"http:\/\/217.199.187.57\/edsbynshotell.se\/wp-json\/wp\/v2\/pages"}],"about":[{"href":"http:\/\/217.199.187.57\/edsbynshotell.se\/wp-json\/wp\/v2\/types\/page"}],"author":[{"embeddable":true,"href":"http:\/\/217.199.187.57\/edsbynshotell.se\/wp-json\/wp\/v2\/users\/1"}],"replies":[{"embeddable":true,"href":"http:\/\/217.199.187.57\/edsbynshotell.se\/wp-json\/wp\/v2\/comments?post=806"}],"version-history":[{"count":31,"href":"http:\/\/217.199.187.57\/edsbynshotell.se\/wp-json\/wp\/v2\/pages\/806\/revisions"}],"predecessor-version":[{"id":1243,"href":"http:\/\/217.199.187.57\/edsbynshotell.se\/wp-json\/wp\/v2\/pages\/806\/revisions\/1243"}],"wp:attachment":[{"href":"http:\/\/217.199.187.57\/edsbynshotell.se\/wp-json\/wp\/v2\/media?parent=806"}],"curies":[{"name":"wp","href":"https:\/\/api.w.org\/{rel}","templated":true}]}}