{"id":1268,"date":"2023-12-13T16:00:08","date_gmt":"2023-12-13T15:00:08","guid":{"rendered":"http:\/\/217.199.187.57\/edsbynshotell.se\/?page_id=1268"},"modified":"2023-12-13T16:02:17","modified_gmt":"2023-12-13T15:02:17","slug":"edsbyns-hotell-i-halsingland","status":"publish","type":"page","link":"http:\/\/217.199.187.57\/edsbynshotell.se\/","title":{"rendered":"Edsbyns Hotell i H\u00e4lsingland"},"content":{"rendered":"\t\t<div data-elementor-type=\"wp-page\" data-elementor-id=\"1268\" class=\"elementor elementor-1268\" data-elementor-post-type=\"page\">\n\t\t\t\t\t\t\t\t\t<section class=\"elementor-section elementor-top-section elementor-element elementor-element-5d9236db elementor-section-full_width elementor-section-height-default elementor-section-height-default\" data-id=\"5d9236db\" data-element_type=\"section\" data-settings=\"{&quot;background_background&quot;:&quot;classic&quot;}\">\n\t\t\t\t\t\t<div class=\"elementor-container elementor-column-gap-default\">\n\t\t\t\t\t<div class=\"elementor-column elementor-col-100 elementor-top-column elementor-element elementor-element-70f857b1\" data-id=\"70f857b1\" data-element_type=\"column\">\n\t\t\t<div class=\"elementor-widget-wrap elementor-element-populated\">\n\t\t\t\t\t\t\t\t<div class=\"elementor-element elementor-element-d84068a elementor-widget elementor-widget-spacer\" data-id=\"d84068a\" data-element_type=\"widget\" data-widget_type=\"spacer.default\">\n\t\t\t\t<div class=\"elementor-widget-container\">\n\t\t\t\t\t<div class=\"elementor-spacer\">\n\t\t\t<div class=\"elementor-spacer-inner\"><\/div>\n\t\t<\/div>\n\t\t\t\t<\/div>\n\t\t\t\t<\/div>\n\t\t\t\t<div class=\"elementor-element elementor-element-6a956ec3 elementor-widget elementor-widget-spacer\" data-id=\"6a956ec3\" data-element_type=\"widget\" data-widget_type=\"spacer.default\">\n\t\t\t\t<div class=\"elementor-widget-container\">\n\t\t\t\t\t<div class=\"elementor-spacer\">\n\t\t\t<div class=\"elementor-spacer-inner\"><\/div>\n\t\t<\/div>\n\t\t\t\t<\/div>\n\t\t\t\t<\/div>\n\t\t\t\t\t<\/div>\n\t\t<\/div>\n\t\t\t\t\t\t\t<\/div>\n\t\t<\/section>\n\t\t\t\t<section class=\"elementor-section elementor-top-section elementor-element elementor-element-a702ad9 elementor-section-boxed elementor-section-height-default elementor-section-height-default\" data-id=\"a702ad9\" data-element_type=\"section\" data-settings=\"{&quot;background_background&quot;:&quot;classic&quot;}\">\n\t\t\t\t\t\t<div class=\"elementor-container elementor-column-gap-default\">\n\t\t\t\t\t<div class=\"elementor-column elementor-col-100 elementor-top-column elementor-element elementor-element-365cf46b\" data-id=\"365cf46b\" data-element_type=\"column\">\n\t\t\t<div class=\"elementor-widget-wrap elementor-element-populated\">\n\t\t\t\t\t\t\t\t<section class=\"elementor-section elementor-inner-section elementor-element elementor-element-f214306 elementor-section-boxed elementor-section-height-default elementor-section-height-default\" data-id=\"f214306\" data-element_type=\"section\">\n\t\t\t\t\t\t<div class=\"elementor-container elementor-column-gap-default\">\n\t\t\t\t\t<div class=\"elementor-column elementor-col-100 elementor-inner-column elementor-element elementor-element-2df336de\" data-id=\"2df336de\" data-element_type=\"column\">\n\t\t\t<div class=\"elementor-widget-wrap elementor-element-populated\">\n\t\t\t\t\t\t\t\t<div class=\"elementor-element elementor-element-69b4e2ab elementor-widget elementor-widget-heading\" data-id=\"69b4e2ab\" data-element_type=\"widget\" data-widget_type=\"heading.default\">\n\t\t\t\t<div class=\"elementor-widget-container\">\n\t\t\t<h1 class=\"elementor-heading-title elementor-size-default\">V\u00e4lkommen till Edsbyns Hotell<\/h1>\t\t<\/div>\n\t\t\t\t<\/div>\n\t\t\t\t<div class=\"elementor-element elementor-element-72900c73 elementor-widget elementor-widget-text-editor\" data-id=\"72900c73\" data-element_type=\"widget\" data-widget_type=\"text-editor.default\">\n\t\t\t\t<div class=\"elementor-widget-container\">\n\t\t\t\t\t\t\t<p>I hj\u00e4rtat av H\u00e4lsingland ligger Voxnadalen och Edsbyn, h\u00e4r bor ni n\u00e4ra v\u00e5r natur och det svenska kulturarvet med de ber\u00f6mda h\u00e4lsingeg\u00e5rdarna. Hos oss bor ni bekv\u00e4mt med n\u00e4rhet till olika aktiviteter eller de stora f\u00f6retagen som finns i bygden.<\/p>\n<p>Edsbyns hotell \u00e4r familj\u00e4rt och ett genuint hotell d\u00e4r du bor lite b\u00e4ttre, mitt i Edsbyn.<\/p>\t\t\t\t\t\t<\/div>\n\t\t\t\t<\/div>\n\t\t\t\t<div class=\"elementor-element elementor-element-2b90691e elementor-hidden-desktop elementor-hidden-tablet elementor-hidden-mobile elementor-widget elementor-widget-text-editor\" data-id=\"2b90691e\" data-element_type=\"widget\" data-widget_type=\"text-editor.default\">\n\t\t\t\t<div class=\"elementor-widget-container\">\n\t\t\t\t\t\t\t<p>S\u00f6ker du boende i Edsbyn? Oavsett om det \u00e4r \u00f6vernattning f\u00f6r aff\u00e4rs\u00e4ndam\u00e5l eller fritidsn\u00f6jen s\u00e5 kan vi erbjuda ett ultimat hotellalternativ. Vi h\u00e4lsar inte bara turister v\u00e4lkomna, utan \u00e4ven aff\u00e4rsresen\u00e4rer som har m\u00f6ten hos f\u00f6retag, som till exempel Svenska F\u00f6nster eller Edsbyverken. F\u00f6r sportentusiaster som vill bevittna bandy i absolut v\u00e4rldsklass \u00e4r Edsbyns bandyhall, Svenska F\u00f6nster Arena, bekv\u00e4mt bel\u00e4gen i n\u00e4rheten av v\u00e5rt boende. F\u00f6r de som planerar aff\u00e4rsm\u00f6ten erbjuder v\u00e5rt hotell flera konferensrum i olika storlekar, vilket passar perfekt f\u00f6r att h\u00e5lla m\u00f6ten eller f\u00f6r f\u00f6retag som vill ha en l\u00e4ngre konferensvistelse samtidigt som de njuter av mysigt boende.<\/p>\t\t\t\t\t\t<\/div>\n\t\t\t\t<\/div>\n\t\t\t\t\t<\/div>\n\t\t<\/div>\n\t\t\t\t\t\t\t<\/div>\n\t\t<\/section>\n\t\t\t\t\t<\/div>\n\t\t<\/div>\n\t\t\t\t\t\t\t<\/div>\n\t\t<\/section>\n\t\t\t\t<section class=\"elementor-section elementor-top-section elementor-element elementor-element-49ec07ba elementor-section-boxed elementor-section-height-default elementor-section-height-default\" data-id=\"49ec07ba\" data-element_type=\"section\" data-settings=\"{&quot;background_background&quot;:&quot;classic&quot;}\">\n\t\t\t\t\t\t<div class=\"elementor-container elementor-column-gap-default\">\n\t\t\t\t\t<div class=\"elementor-column elementor-col-100 elementor-top-column elementor-element elementor-element-31eb59dc\" data-id=\"31eb59dc\" data-element_type=\"column\" data-settings=\"{&quot;background_background&quot;:&quot;classic&quot;}\">\n\t\t\t<div class=\"elementor-widget-wrap elementor-element-populated\">\n\t\t\t\t\t\t\t\t<div class=\"elementor-element elementor-element-1d78ef16 elementor-widget elementor-widget-heading\" data-id=\"1d78ef16\" data-element_type=\"widget\" data-widget_type=\"heading.default\">\n\t\t\t\t<div class=\"elementor-widget-container\">\n\t\t\t<h3 class=\"elementor-heading-title elementor-size-default\">Uppt\u00e4ck Hotellet mitt i Edsbyn <\/h3>\t\t<\/div>\n\t\t\t\t<\/div>\n\t\t\t\t<div class=\"elementor-element elementor-element-3cb078d0 elementor-widget elementor-widget-html\" data-id=\"3cb078d0\" data-element_type=\"widget\" data-widget_type=\"html.default\">\n\t\t\t\t<div class=\"elementor-widget-container\">\n\t\t\t<script type=\"text\/javascript\" charset=\"UTF-8\">\r\nvar baseUrl = \"https:\/\/online.bookvisit.com\/v2\/widget\/getwidget\";\r\n(function($) {\r\n$.ajax({\r\ndataType: 'json',\r\nurl: baseUrl + '?channelId=d32a2b5a-0d0e-41bb-a3c9-ce3493d78229&openOption=redirect&culture=sv-SE&layout=Standard1Column&containerId=widgetContainer&displayPromoCode=false&displayCorpCode=false&displayIATACode=false&displayCalendarStartsAtFirstAvailableDay=false&currency=SEK',\r\nxhrFields: { withCredentials: true },\r\nsuccess: function(data) {\r\n$('#widgetContainer').html(data.Widget);\r\n}\r\n});\r\n})(bvJQuery);\r\n<\/script>\r\n<div id=\"widgetContainer\"><\/div>\t\t<\/div>\n\t\t\t\t<\/div>\n\t\t\t\t<section class=\"elementor-section elementor-inner-section elementor-element elementor-element-2daf125c elementor-section-full_width elementor-section-height-default elementor-section-height-default\" data-id=\"2daf125c\" data-element_type=\"section\">\n\t\t\t\t\t\t<div class=\"elementor-container elementor-column-gap-default\">\n\t\t\t\t\t<div class=\"elementor-column elementor-col-50 elementor-inner-column elementor-element elementor-element-6f435ba0\" data-id=\"6f435ba0\" data-element_type=\"column\">\n\t\t\t<div class=\"elementor-widget-wrap elementor-element-populated\">\n\t\t\t\t\t\t\t\t<div class=\"elementor-element elementor-element-4e880b1 elementor-cta--valign-bottom elementor-bg-transform elementor-bg-transform-zoom-out elementor-cta--layout-image-left elementor-cta--skin-classic elementor-animated-content elementor-widget elementor-widget-call-to-action\" data-id=\"4e880b1\" data-element_type=\"widget\" data-widget_type=\"call-to-action.default\">\n\t\t\t\t<div class=\"elementor-widget-container\">\n\t\t\t\t\t<a class=\"elementor-cta\" href=\"https:\/\/online.bookvisit.com\/our-extras\/list?channelId=d32a2b5a-0d0e-41bb-a3c9-ce3493d78229&#038;presentationType=List\" target=\"_blank\">\n\t\t\t\t\t<div class=\"elementor-cta__bg-wrapper\">\n\t\t\t\t<div class=\"elementor-cta__bg elementor-bg\" style=\"background-image: url(http:\/\/217.199.187.57\/edsbynshotell.se\/wp-content\/uploads\/2023\/10\/7fe2379d-0dcd-4be1-8d71-c9cd12908880.jpg);\" role=\"img\" aria-label=\"Julbordspaket p\u00e5 voxnahergg\u00e5rd\"><\/div>\n\t\t\t\t<div class=\"elementor-cta__bg-overlay\"><\/div>\n\t\t\t<\/div>\n\t\t\t\t\t\t\t<div class=\"elementor-cta__content\">\n\t\t\t\t\n\t\t\t\t\t\t\t\t\t<h3 class=\"elementor-cta__title elementor-cta__content-item elementor-content-item\">\n\t\t\t\t\t\tJulbordspaket\t\t\t\t\t<\/h3>\n\t\t\t\t\n\t\t\t\t\t\t\t\t\t<div class=\"elementor-cta__description elementor-cta__content-item elementor-content-item\">\n\t\t\t\t\t\tEtt julbordspaket d\u00e4r ni bes\u00f6ker tv\u00e5 av v\u00e5ra anl\u00e4ggningar, Voxna Herrg\u00e5rd och Edsbyns Hotell, h\u00e4r upplever man julen p\u00e5 riktigt! \t\t\t\t\t<\/div>\n\t\t\t\t\n\t\t\t\t\t\t\t\t\t<div class=\"elementor-cta__button-wrapper elementor-cta__content-item elementor-content-item \">\n\t\t\t\t\t<span class=\"elementor-cta__button elementor-button elementor-size-xs\">\n\t\t\t\t\t\tBOKA H\u00c4R\t\t\t\t\t<\/span>\n\t\t\t\t\t<\/div>\n\t\t\t\t\t\t\t<\/div>\n\t\t\t\t\t\t\t<div class=\"elementor-ribbon\">\n\t\t\t\t<div class=\"elementor-ribbon-inner\">Fr 1 495 SEK<\/div>\n\t\t\t<\/div>\n\t\t\t\t<\/a>\n\t\t\t\t<\/div>\n\t\t\t\t<\/div>\n\t\t\t\t\t<\/div>\n\t\t<\/div>\n\t\t\t\t<div class=\"elementor-column elementor-col-50 elementor-inner-column elementor-element elementor-element-20568111\" data-id=\"20568111\" data-element_type=\"column\">\n\t\t\t<div class=\"elementor-widget-wrap\">\n\t\t\t\t\t\t\t\t\t<\/div>\n\t\t<\/div>\n\t\t\t\t\t\t\t<\/div>\n\t\t<\/section>\n\t\t\t\t\t<\/div>\n\t\t<\/div>\n\t\t\t\t\t\t\t<\/div>\n\t\t<\/section>\n\t\t\t\t\t\t\t<\/div>\n\t\t","protected":false},"excerpt":{"rendered":"<p>V\u00e4lkommen till Edsbyns Hotell I hj\u00e4rtat av H\u00e4lsingland ligger Voxnadalen och Edsbyn, h\u00e4r bor ni n\u00e4ra v\u00e5r natur och det svenska kulturarvet med de ber\u00f6mda h\u00e4lsingeg\u00e5rdarna. Hos oss bor ni bekv\u00e4mt med n\u00e4rhet till olika aktiviteter eller de stora f\u00f6retagen som finns i bygden. Edsbyns hotell \u00e4r familj\u00e4rt och ett genuint hotell d\u00e4r du bor [&hellip;]<\/p>\n","protected":false},"author":1,"featured_media":0,"parent":0,"menu_order":0,"comment_status":"closed","ping_status":"closed","template":"","meta":{"footnotes":""},"class_list":["post-1268","page","type-page","status-publish","hentry"],"yoast_head":"<!-- This site is optimized with the Yoast SEO plugin v21.7 - https:\/\/yoast.com\/wordpress\/plugins\/seo\/ -->\n<title>Edsbyns Hotell i H\u00e4lsingland - Edsbyns Hotell<\/title>\n<meta name=\"description\" content=\"I hj\u00e4rtat av H\u00e4lsingland ligger Voxnadalen och Edsbyn, h\u00e4r bor ni n\u00e4ra v\u00e5r natur och det svenska kulturarvet med de ber\u00f6mda h\u00e4lsingeg\u00e5rdarna.\" \/>\n<meta name=\"robots\" content=\"index, follow, max-snippet:-1, max-image-preview:large, max-video-preview:-1\" \/>\n<link rel=\"canonical\" href=\"https:\/\/217.199.187.57\/edsbynshotell.se\/\" \/>\n<meta property=\"og:locale\" content=\"sv_SE\" \/>\n<meta property=\"og:type\" content=\"article\" \/>\n<meta property=\"og:title\" content=\"Edsbyns Hotell i H\u00e4lsingland - Edsbyns Hotell\" \/>\n<meta property=\"og:description\" content=\"I hj\u00e4rtat av H\u00e4lsingland ligger Voxnadalen och Edsbyn, h\u00e4r bor ni n\u00e4ra v\u00e5r natur och det svenska kulturarvet med de ber\u00f6mda h\u00e4lsingeg\u00e5rdarna.\" \/>\n<meta property=\"og:url\" content=\"https:\/\/217.199.187.57\/edsbynshotell.se\/\" \/>\n<meta property=\"og:site_name\" content=\"Edsbyns Hotell\" \/>\n<meta property=\"article:modified_time\" content=\"2023-12-13T15:02:17+00:00\" \/>\n<meta name=\"twitter:card\" content=\"summary_large_image\" \/>\n<meta name=\"twitter:label1\" content=\"Ber\u00e4knad l\u00e4stid\" \/>\n\t<meta name=\"twitter:data1\" content=\"23 minuter\" \/>\n<script type=\"application\/ld+json\" class=\"yoast-schema-graph\">{\"@context\":\"https:\/\/schema.org\",\"@graph\":[{\"@type\":\"WebPage\",\"@id\":\"https:\/\/217.199.187.57\/edsbynshotell.se\/\",\"url\":\"https:\/\/217.199.187.57\/edsbynshotell.se\/\",\"name\":\"Edsbyns Hotell i H\u00e4lsingland - Edsbyns Hotell\",\"isPartOf\":{\"@id\":\"https:\/\/217.199.187.57\/edsbynshotell.se\/#website\"},\"datePublished\":\"2023-12-13T15:00:08+00:00\",\"dateModified\":\"2023-12-13T15:02:17+00:00\",\"description\":\"I hj\u00e4rtat av H\u00e4lsingland ligger Voxnadalen och Edsbyn, h\u00e4r bor ni n\u00e4ra v\u00e5r natur och det svenska kulturarvet med de ber\u00f6mda h\u00e4lsingeg\u00e5rdarna.\",\"breadcrumb\":{\"@id\":\"https:\/\/217.199.187.57\/edsbynshotell.se\/#breadcrumb\"},\"inLanguage\":\"sv-SE\",\"potentialAction\":[{\"@type\":\"ReadAction\",\"target\":[\"https:\/\/217.199.187.57\/edsbynshotell.se\/\"]}]},{\"@type\":\"BreadcrumbList\",\"@id\":\"https:\/\/217.199.187.57\/edsbynshotell.se\/#breadcrumb\",\"itemListElement\":[{\"@type\":\"ListItem\",\"position\":1,\"name\":\"Hem\",\"item\":\"https:\/\/217.199.187.57\/edsbynshotell.se\/\"},{\"@type\":\"ListItem\",\"position\":2,\"name\":\"Edsbyns Hotell i H\u00e4lsingland\"}]},{\"@type\":\"WebSite\",\"@id\":\"https:\/\/217.199.187.57\/edsbynshotell.se\/#website\",\"url\":\"https:\/\/217.199.187.57\/edsbynshotell.se\/\",\"name\":\"Edsbyns Hotell\",\"description\":\"Bra boende centralt i Edsbyn\",\"potentialAction\":[{\"@type\":\"SearchAction\",\"target\":{\"@type\":\"EntryPoint\",\"urlTemplate\":\"https:\/\/217.199.187.57\/edsbynshotell.se\/?s={search_term_string}\"},\"query-input\":\"required name=search_term_string\"}],\"inLanguage\":\"sv-SE\"}]}<\/script>\n<!-- \/ Yoast SEO plugin. -->","yoast_head_json":{"title":"Edsbyns Hotell i H\u00e4lsingland - Edsbyns Hotell","description":"I hj\u00e4rtat av H\u00e4lsingland ligger Voxnadalen och Edsbyn, h\u00e4r bor ni n\u00e4ra v\u00e5r natur och det svenska kulturarvet med de ber\u00f6mda h\u00e4lsingeg\u00e5rdarna.","robots":{"index":"index","follow":"follow","max-snippet":"max-snippet:-1","max-image-preview":"max-image-preview:large","max-video-preview":"max-video-preview:-1"},"canonical":"https:\/\/217.199.187.57\/edsbynshotell.se\/","og_locale":"sv_SE","og_type":"article","og_title":"Edsbyns Hotell i H\u00e4lsingland - Edsbyns Hotell","og_description":"I hj\u00e4rtat av H\u00e4lsingland ligger Voxnadalen och Edsbyn, h\u00e4r bor ni n\u00e4ra v\u00e5r natur och det svenska kulturarvet med de ber\u00f6mda h\u00e4lsingeg\u00e5rdarna.","og_url":"https:\/\/217.199.187.57\/edsbynshotell.se\/","og_site_name":"Edsbyns Hotell","article_modified_time":"2023-12-13T15:02:17+00:00","twitter_card":"summary_large_image","twitter_misc":{"Ber\u00e4knad l\u00e4stid":"23 minuter"},"schema":{"@context":"https:\/\/schema.org","@graph":[{"@type":"WebPage","@id":"https:\/\/217.199.187.57\/edsbynshotell.se\/","url":"https:\/\/217.199.187.57\/edsbynshotell.se\/","name":"Edsbyns Hotell i H\u00e4lsingland - Edsbyns Hotell","isPartOf":{"@id":"https:\/\/217.199.187.57\/edsbynshotell.se\/#website"},"datePublished":"2023-12-13T15:00:08+00:00","dateModified":"2023-12-13T15:02:17+00:00","description":"I hj\u00e4rtat av H\u00e4lsingland ligger Voxnadalen och Edsbyn, h\u00e4r bor ni n\u00e4ra v\u00e5r natur och det svenska kulturarvet med de ber\u00f6mda h\u00e4lsingeg\u00e5rdarna.","breadcrumb":{"@id":"https:\/\/217.199.187.57\/edsbynshotell.se\/#breadcrumb"},"inLanguage":"sv-SE","potentialAction":[{"@type":"ReadAction","target":["https:\/\/217.199.187.57\/edsbynshotell.se\/"]}]},{"@type":"BreadcrumbList","@id":"https:\/\/217.199.187.57\/edsbynshotell.se\/#breadcrumb","itemListElement":[{"@type":"ListItem","position":1,"name":"Hem","item":"https:\/\/217.199.187.57\/edsbynshotell.se\/"},{"@type":"ListItem","position":2,"name":"Edsbyns Hotell i H\u00e4lsingland"}]},{"@type":"WebSite","@id":"https:\/\/217.199.187.57\/edsbynshotell.se\/#website","url":"https:\/\/217.199.187.57\/edsbynshotell.se\/","name":"Edsbyns Hotell","description":"Bra boende centralt i Edsbyn","potentialAction":[{"@type":"SearchAction","target":{"@type":"EntryPoint","urlTemplate":"https:\/\/217.199.187.57\/edsbynshotell.se\/?s={search_term_string}"},"query-input":"required name=search_term_string"}],"inLanguage":"sv-SE"}]}},"_links":{"self":[{"href":"http:\/\/217.199.187.57\/edsbynshotell.se\/wp-json\/wp\/v2\/pages\/1268","targetHints":{"allow":["GET"]}}],"collection":[{"href":"http:\/\/217.199.187.57\/edsbynshotell.se\/wp-json\/wp\/v2\/pages"}],"about":[{"href":"http:\/\/217.199.187.57\/edsbynshotell.se\/wp-json\/wp\/v2\/types\/page"}],"author":[{"embeddable":true,"href":"http:\/\/217.199.187.57\/edsbynshotell.se\/wp-json\/wp\/v2\/users\/1"}],"replies":[{"embeddable":true,"href":"http:\/\/217.199.187.57\/edsbynshotell.se\/wp-json\/wp\/v2\/comments?post=1268"}],"version-history":[{"count":8,"href":"http:\/\/217.199.187.57\/edsbynshotell.se\/wp-json\/wp\/v2\/pages\/1268\/revisions"}],"predecessor-version":[{"id":1276,"href":"http:\/\/217.199.187.57\/edsbynshotell.se\/wp-json\/wp\/v2\/pages\/1268\/revisions\/1276"}],"wp:attachment":[{"href":"http:\/\/217.199.187.57\/edsbynshotell.se\/wp-json\/wp\/v2\/media?parent=1268"}],"curies":[{"name":"wp","href":"https:\/\/api.w.org\/{rel}","templated":true}]}}